{"id":1986,"date":"2018-07-19T21:21:19","date_gmt":"2018-07-19T19:21:19","guid":{"rendered":"https:\/\/www.nlvideolyrics.com\/?page_id=1986"},"modified":"2023-09-13T14:57:21","modified_gmt":"2023-09-13T12:57:21","slug":"aviso-legal","status":"publish","type":"page","link":"https:\/\/nlvideolyrics.com\/es\/aviso-legal\/","title":{"rendered":"Aviso legal"},"content":{"rendered":"[vc_row full_width=\u00bbstretch_row\u00bb css=\u00bb.vc_custom_1533898532114{padding-top: 30px !important;padding-bottom: 25px !important;background-color: #054956 !important;}\u00bb][vc_column][vc_column_text]\n<h1><span style=\"color: #ffffff;\">AVISO LEGAL<\/span><\/h1>\n[\/vc_column_text][\/vc_column][\/vc_row][vc_row][vc_column][spacer][vc_column_text]<strong>Aviso legal<\/strong><\/p>\n<p>El titular de esta p\u00e1gina Web es NORTHERN LIGHTS, con NIF 00000000X e inscrita en el Registro Mercantil de Barcelona Tomo 00000, Folio 000, Hoja X 000000, Inscripci\u00f3n 0.<\/p>\n<p>Tiene su domicilio fiscal en\u00a0CALLE\u00a0CALDERS, 197 08203 SABADELL BARCELONA ESPA\u00d1A. Su tel\u00e9fono de contacto es 931196563, y su direcci\u00f3n de correo electr\u00f3nico info@nlvideolyrics.com<\/p>\n<p>&nbsp;<\/p>\n<p><strong>Contenido del sitio web<\/strong><\/p>\n<p>La informaci\u00f3n incluida en el sitio Web, ha seguido los requerimientos exigidos por la normativa legal de aplicaci\u00f3n. Es responsabilidad del usuario el uso del sitio. El contenido es responsabilidad de su titular quien podr\u00e1 modificar las condiciones del sitio sin previo aviso, y sin que ello suponga alteraci\u00f3n de los compromisos adquiridos hasta la fecha de la modificaci\u00f3n.<\/p>\n<p>No son responsabilidad del titular los problemas de conexi\u00f3n, as\u00ed como los errores que se puedan producir durante la conexi\u00f3n.<\/p>\n<p>&nbsp;<\/p>\n<p><strong>Derechos de autor y derechos de propiedad industrial<\/strong><\/p>\n<p>NORTHEN LIGHTS es titular de todos los derechos de autor, propiedad intelectual, industrial, \u201cknowhow\u201d y cuantos otros derechos guardan relaci\u00f3n con los contenidos del sitio web www.nlvideolyrics.com y los servicios ofertados en el mismo, as\u00ed como de los programas necesarios para su implementaci\u00f3n y la informaci\u00f3n relacionada. No se permite la reproducci\u00f3n, publicaci\u00f3n y\/o uso no estrictamente privado de los contenidos, totales o parciales, del sitio web www.nlvideolyrics.com sin el consentimiento previo y por escrito.<\/p>\n<p>Todos los derechos de propiedad industrial e intelectual sobre los Sitios Web, los Servicios o la Selecci\u00f3n de los Sitios Web, su dise\u00f1o gr\u00e1fico y c\u00f3digo fuente, as\u00ed como sobre los distintos elementos incluidos en los mismos (a t\u00edtulo enunciativo: textos, im\u00e1genes, animaciones, bases de datos, gr\u00e1ficos, logos, marcas, signos distintivos, iconos, botones, fotograf\u00edas, v\u00eddeos, grabaciones sonoras, etc.) pertenecen o est\u00e1n licenciados a Northern Lights.<\/p>\n<p>Salvo en aquellos supuestos en los que est\u00e9 expresamente autorizado en virtud de la Condici\u00f3n Octava, queda expresamente prohibido al Usuario la reproducci\u00f3n o distribuci\u00f3n para otros fines, as\u00ed como la transformaci\u00f3n, realizaci\u00f3n de obras derivadas de cualquier tipo, comunicaci\u00f3n p\u00fablica, puesta a disposici\u00f3n, extracci\u00f3n, reutilizaci\u00f3n o cualquier uso de los Sitios Web, los Servicios, la Selecci\u00f3n de los Sitios Web o de cualquiera de sus partes.<\/p>\n<p>Los Contenidos de Terceros y Contenidos Patrocinados est\u00e1n protegidos por la normativa de propiedad intelectual e industrial, seg\u00fan corresponda, y pertenecen a sus titulares. Aunque los Servicios permiten localizar y acceder a esos Contenidos, su descarga y uso est\u00e1 sujeto a las condiciones establecidas por el tercero correspondiente. Northern Lights es titular de la licencia de los productos. El Usuario debe obtener las licencias que resulten, en cada caso, necesarias para usar cualquier contenido digital de Northern Lights.<\/p>\n<p>&nbsp;<\/p>\n<p><strong>Datos de car\u00e1cter personal<\/strong><\/p>\n<p>De conformidad con lo dispuesto en la Ley Org\u00e1nica 15\/1999, de 13 de diciembre, de Protecci\u00f3n de Datos De Car\u00e1cter Personal, NORTHERN LIGHTS informa que los datos personales facilitados a trav\u00e9s de los formularios de esta Web o mediante mensajes de correo electr\u00f3nico, ser\u00e1n incorporados en los ficheros correspondientes, debidamente registrados en la Agencia Espa\u00f1ola de Protecci\u00f3n de Datos, cuyo responsable es NORTHERN LIGHTS, mediante el env\u00edo de los formularios existentes en esta Web, el remitente da su consentimiento para ser incluido en el mencionado fichero. La Ley de la Sociedad de la Informaci\u00f3n y el Comercio Electr\u00f3nico (LSSI) finalidad del fichero es servir como soporte de informaci\u00f3n a la gesti\u00f3n administrativa, comercial (incluyendo mailings, newsletter) y contable de la empresa. En cualquier momento, el usuario podr\u00e1 ejercitar el derecho de acceso, rectificaci\u00f3n, cancelaci\u00f3n y oposici\u00f3n, enviando una solicitud escrita y firmada a la siguiente direcci\u00f3n:<\/p>\n<p>Direcci\u00f3n: CALLE\u00a0CALDERS, 197 08203 SABADELL BARCELONA ESPA\u00d1A o en la direcci\u00f3n de correo electr\u00f3nico Mail: info@nlvideolyrics.com en la que se incluya su nombre, apellidos y fotocopia del D.N.I., con las instrucciones precisas al efecto.<\/p>\n<p>&nbsp;<\/p>\n<p><strong>Cookies<\/strong><\/p>\n<p>Esta p\u00e1gina utiliza cookies. Si desea obtener informaci\u00f3n completa sobre las cookies que utiliza esta p\u00e1gina web o revocar el consentimiento prestado al respecto consulte nuestra Informaci\u00f3n sobre cookies.<\/p>\n<p>&nbsp;<\/p>\n<p><strong>Enlaces<\/strong><\/p>\n<p>NORTHERN LIGHTS no asume ninguna responsabilidad sobre los enlaces hac\u00eda otros sitios o p\u00e1ginas Web que, en su caso, pudieran incluirse en el mismo, ya que no tiene ning\u00fan tipo de control sobre los mismos, por lo que el usuario accede bajo su exclusiva responsabilidad al contenido y en las condiciones de uso que rijan en los mismos.[\/vc_column_text][spacer][\/vc_column][\/vc_row]\n","protected":false},"excerpt":{"rendered":"<p>[vc_row full_width=\u00bbstretch_row\u00bb css=\u00bb.vc_custom_1533898532114{padding-top: 30px !important;padding-bottom: 25px !important;background-color: #054956 !important;}\u00bb][vc_column][vc_column_text] AVISO LEGAL [\/vc_column_text][\/vc_column][\/vc_row][vc_row][vc_column][spacer][vc_column_text]Aviso legal El titular de esta p\u00e1gina Web es NORTHERN LIGHTS, con NIF 00000000X e inscrita en el Registro Mercantil de Barcelona Tomo 00000, Folio 000, Hoja X 000000, Inscripci\u00f3n 0. Tiene su domicilio fiscal en\u00a0CALLE\u00a0CALDERS, 197 08203 SABADELL BARCELONA ESPA\u00d1A. Su tel\u00e9fono de<\/p>\n","protected":false},"author":1,"featured_media":0,"parent":0,"menu_order":0,"comment_status":"closed","ping_status":"closed","template":"","meta":{"footnotes":""},"yoast_head":"<!-- This site is optimized with the Yoast SEO plugin v21.1 - https:\/\/yoast.com\/wordpress\/plugins\/seo\/ -->\n<title>Aviso legal | Northern Lights Lyric Video<\/title>\n<meta name=\"description\" content=\"\u00a1Crea tu Lyric Video en minutos! Podr\u00e1s personalizarlo t\u00fa mismo descargando la plantilla que m\u00e1s te guste desde nuestra tienda. S\u00f3lo tienes que seguir el tutorial \u00a1Tu v\u00eddeo estar\u00e1 listo en cuesti\u00f3n de minutos! Si lo prefieres, tambi\u00e9n podemos hacerlo nosotros. A\u00f1ade al carrito el Lyric video que m\u00e1s vaya con tu estilo y lo personalizaremos para tu banda.\" \/>\n<meta name=\"robots\" content=\"index, follow, max-snippet:-1, max-image-preview:large, max-video-preview:-1\" \/>\n<link rel=\"canonical\" href=\"https:\/\/nlvideolyrics.com\/es\/aviso-legal\/\" \/>\n<meta property=\"og:locale\" content=\"es_ES\" \/>\n<meta property=\"og:type\" content=\"article\" \/>\n<meta property=\"og:title\" content=\"Aviso legal | Northern Lights Lyric Video\" \/>\n<meta property=\"og:description\" content=\"\u00a1Crea tu Lyric Video en minutos! Podr\u00e1s personalizarlo t\u00fa mismo descargando la plantilla que m\u00e1s te guste desde nuestra tienda. S\u00f3lo tienes que seguir el tutorial \u00a1Tu v\u00eddeo estar\u00e1 listo en cuesti\u00f3n de minutos! Si lo prefieres, tambi\u00e9n podemos hacerlo nosotros. A\u00f1ade al carrito el Lyric video que m\u00e1s vaya con tu estilo y lo personalizaremos para tu banda.\" \/>\n<meta property=\"og:url\" content=\"https:\/\/nlvideolyrics.com\/es\/aviso-legal\/\" \/>\n<meta property=\"og:site_name\" content=\"Northern Lights Lyric Video\" \/>\n<meta property=\"article:publisher\" content=\"https:\/\/www.facebook.com\/nlvideolyrics\/\" \/>\n<meta property=\"article:modified_time\" content=\"2023-09-13T12:57:21+00:00\" \/>\n<meta property=\"og:image\" content=\"https:\/\/nlvideolyrics.com\/wp-content\/uploads\/2018\/08\/laptop-png-2-1024x683-min-1.png\" \/>\n\t<meta property=\"og:image:width\" content=\"1024\" \/>\n\t<meta property=\"og:image:height\" content=\"683\" \/>\n\t<meta property=\"og:image:type\" content=\"image\/png\" \/>\n<meta name=\"twitter:card\" content=\"summary_large_image\" \/>\n<meta name=\"twitter:label1\" content=\"Tiempo de lectura\" \/>\n\t<meta name=\"twitter:data1\" content=\"4 minutos\" \/>\n<script type=\"application\/ld+json\" class=\"yoast-schema-graph\">{\"@context\":\"https:\/\/schema.org\",\"@graph\":[{\"@type\":\"WebPage\",\"@id\":\"https:\/\/nlvideolyrics.com\/es\/aviso-legal\/\",\"url\":\"https:\/\/nlvideolyrics.com\/es\/aviso-legal\/\",\"name\":\"Aviso legal | Northern Lights Lyric Video\",\"isPartOf\":{\"@id\":\"https:\/\/nlvideolyrics.com\/es\/#website\"},\"datePublished\":\"2018-07-19T19:21:19+00:00\",\"dateModified\":\"2023-09-13T12:57:21+00:00\",\"description\":\"\u00a1Crea tu Lyric Video en minutos! Podr\u00e1s personalizarlo t\u00fa mismo descargando la plantilla que m\u00e1s te guste desde nuestra tienda. S\u00f3lo tienes que seguir el tutorial \u00a1Tu v\u00eddeo estar\u00e1 listo en cuesti\u00f3n de minutos! Si lo prefieres, tambi\u00e9n podemos hacerlo nosotros. A\u00f1ade al carrito el Lyric video que m\u00e1s vaya con tu estilo y lo personalizaremos para tu banda.\",\"breadcrumb\":{\"@id\":\"https:\/\/nlvideolyrics.com\/es\/aviso-legal\/#breadcrumb\"},\"inLanguage\":\"es\",\"potentialAction\":[{\"@type\":\"ReadAction\",\"target\":[\"https:\/\/nlvideolyrics.com\/es\/aviso-legal\/\"]}]},{\"@type\":\"BreadcrumbList\",\"@id\":\"https:\/\/nlvideolyrics.com\/es\/aviso-legal\/#breadcrumb\",\"itemListElement\":[{\"@type\":\"ListItem\",\"position\":1,\"name\":\"Inicio\",\"item\":\"https:\/\/nlvideolyrics.com\/es\/\"},{\"@type\":\"ListItem\",\"position\":2,\"name\":\"Aviso legal\"}]},{\"@type\":\"WebSite\",\"@id\":\"https:\/\/nlvideolyrics.com\/es\/#website\",\"url\":\"https:\/\/nlvideolyrics.com\/es\/\",\"name\":\"Northern Lights Lyric Video\",\"description\":\"Lyric Videos for your band\",\"publisher\":{\"@id\":\"https:\/\/nlvideolyrics.com\/es\/#organization\"},\"potentialAction\":[{\"@type\":\"SearchAction\",\"target\":{\"@type\":\"EntryPoint\",\"urlTemplate\":\"https:\/\/nlvideolyrics.com\/es\/?s={search_term_string}\"},\"query-input\":\"required name=search_term_string\"}],\"inLanguage\":\"es\"},{\"@type\":\"Organization\",\"@id\":\"https:\/\/nlvideolyrics.com\/es\/#organization\",\"name\":\"Northern Lights Lyric Video\",\"url\":\"https:\/\/nlvideolyrics.com\/es\/\",\"logo\":{\"@type\":\"ImageObject\",\"inLanguage\":\"es\",\"@id\":\"https:\/\/nlvideolyrics.com\/es\/#\/schema\/logo\/image\/\",\"url\":\"https:\/\/nlvideolyrics.com\/wp-content\/uploads\/2018\/08\/logo-web-3.png\",\"contentUrl\":\"https:\/\/nlvideolyrics.com\/wp-content\/uploads\/2018\/08\/logo-web-3.png\",\"width\":154,\"height\":116,\"caption\":\"Northern Lights Lyric Video\"},\"image\":{\"@id\":\"https:\/\/nlvideolyrics.com\/es\/#\/schema\/logo\/image\/\"},\"sameAs\":[\"https:\/\/www.facebook.com\/nlvideolyrics\/\"]}]}<\/script>\n<!-- \/ Yoast SEO plugin. -->","yoast_head_json":{"title":"Aviso legal | Northern Lights Lyric Video","description":"\u00a1Crea tu Lyric Video en minutos! Podr\u00e1s personalizarlo t\u00fa mismo descargando la plantilla que m\u00e1s te guste desde nuestra tienda. S\u00f3lo tienes que seguir el tutorial \u00a1Tu v\u00eddeo estar\u00e1 listo en cuesti\u00f3n de minutos! Si lo prefieres, tambi\u00e9n podemos hacerlo nosotros. A\u00f1ade al carrito el Lyric video que m\u00e1s vaya con tu estilo y lo personalizaremos para tu banda.","robots":{"index":"index","follow":"follow","max-snippet":"max-snippet:-1","max-image-preview":"max-image-preview:large","max-video-preview":"max-video-preview:-1"},"canonical":"https:\/\/nlvideolyrics.com\/es\/aviso-legal\/","og_locale":"es_ES","og_type":"article","og_title":"Aviso legal | Northern Lights Lyric Video","og_description":"\u00a1Crea tu Lyric Video en minutos! Podr\u00e1s personalizarlo t\u00fa mismo descargando la plantilla que m\u00e1s te guste desde nuestra tienda. S\u00f3lo tienes que seguir el tutorial \u00a1Tu v\u00eddeo estar\u00e1 listo en cuesti\u00f3n de minutos! Si lo prefieres, tambi\u00e9n podemos hacerlo nosotros. A\u00f1ade al carrito el Lyric video que m\u00e1s vaya con tu estilo y lo personalizaremos para tu banda.","og_url":"https:\/\/nlvideolyrics.com\/es\/aviso-legal\/","og_site_name":"Northern Lights Lyric Video","article_publisher":"https:\/\/www.facebook.com\/nlvideolyrics\/","article_modified_time":"2023-09-13T12:57:21+00:00","og_image":[{"width":1024,"height":683,"url":"https:\/\/nlvideolyrics.com\/wp-content\/uploads\/2018\/08\/laptop-png-2-1024x683-min-1.png","type":"image\/png"}],"twitter_card":"summary_large_image","twitter_misc":{"Tiempo de lectura":"4 minutos"},"schema":{"@context":"https:\/\/schema.org","@graph":[{"@type":"WebPage","@id":"https:\/\/nlvideolyrics.com\/es\/aviso-legal\/","url":"https:\/\/nlvideolyrics.com\/es\/aviso-legal\/","name":"Aviso legal | Northern Lights Lyric Video","isPartOf":{"@id":"https:\/\/nlvideolyrics.com\/es\/#website"},"datePublished":"2018-07-19T19:21:19+00:00","dateModified":"2023-09-13T12:57:21+00:00","description":"\u00a1Crea tu Lyric Video en minutos! Podr\u00e1s personalizarlo t\u00fa mismo descargando la plantilla que m\u00e1s te guste desde nuestra tienda. S\u00f3lo tienes que seguir el tutorial \u00a1Tu v\u00eddeo estar\u00e1 listo en cuesti\u00f3n de minutos! Si lo prefieres, tambi\u00e9n podemos hacerlo nosotros. A\u00f1ade al carrito el Lyric video que m\u00e1s vaya con tu estilo y lo personalizaremos para tu banda.","breadcrumb":{"@id":"https:\/\/nlvideolyrics.com\/es\/aviso-legal\/#breadcrumb"},"inLanguage":"es","potentialAction":[{"@type":"ReadAction","target":["https:\/\/nlvideolyrics.com\/es\/aviso-legal\/"]}]},{"@type":"BreadcrumbList","@id":"https:\/\/nlvideolyrics.com\/es\/aviso-legal\/#breadcrumb","itemListElement":[{"@type":"ListItem","position":1,"name":"Inicio","item":"https:\/\/nlvideolyrics.com\/es\/"},{"@type":"ListItem","position":2,"name":"Aviso legal"}]},{"@type":"WebSite","@id":"https:\/\/nlvideolyrics.com\/es\/#website","url":"https:\/\/nlvideolyrics.com\/es\/","name":"Northern Lights Lyric Video","description":"Lyric Videos for your band","publisher":{"@id":"https:\/\/nlvideolyrics.com\/es\/#organization"},"potentialAction":[{"@type":"SearchAction","target":{"@type":"EntryPoint","urlTemplate":"https:\/\/nlvideolyrics.com\/es\/?s={search_term_string}"},"query-input":"required name=search_term_string"}],"inLanguage":"es"},{"@type":"Organization","@id":"https:\/\/nlvideolyrics.com\/es\/#organization","name":"Northern Lights Lyric Video","url":"https:\/\/nlvideolyrics.com\/es\/","logo":{"@type":"ImageObject","inLanguage":"es","@id":"https:\/\/nlvideolyrics.com\/es\/#\/schema\/logo\/image\/","url":"https:\/\/nlvideolyrics.com\/wp-content\/uploads\/2018\/08\/logo-web-3.png","contentUrl":"https:\/\/nlvideolyrics.com\/wp-content\/uploads\/2018\/08\/logo-web-3.png","width":154,"height":116,"caption":"Northern Lights Lyric Video"},"image":{"@id":"https:\/\/nlvideolyrics.com\/es\/#\/schema\/logo\/image\/"},"sameAs":["https:\/\/www.facebook.com\/nlvideolyrics\/"]}]}},"_links":{"self":[{"href":"https:\/\/nlvideolyrics.com\/es\/wp-json\/wp\/v2\/pages\/1986"}],"collection":[{"href":"https:\/\/nlvideolyrics.com\/es\/wp-json\/wp\/v2\/pages"}],"about":[{"href":"https:\/\/nlvideolyrics.com\/es\/wp-json\/wp\/v2\/types\/page"}],"author":[{"embeddable":true,"href":"https:\/\/nlvideolyrics.com\/es\/wp-json\/wp\/v2\/users\/1"}],"replies":[{"embeddable":true,"href":"https:\/\/nlvideolyrics.com\/es\/wp-json\/wp\/v2\/comments?post=1986"}],"version-history":[{"count":2,"href":"https:\/\/nlvideolyrics.com\/es\/wp-json\/wp\/v2\/pages\/1986\/revisions"}],"predecessor-version":[{"id":6572,"href":"https:\/\/nlvideolyrics.com\/es\/wp-json\/wp\/v2\/pages\/1986\/revisions\/6572"}],"wp:attachment":[{"href":"https:\/\/nlvideolyrics.com\/es\/wp-json\/wp\/v2\/media?parent=1986"}],"curies":[{"name":"wp","href":"https:\/\/api.w.org\/{rel}","templated":true}]}}