{"id":2871,"date":"2016-09-22T15:27:05","date_gmt":"2016-09-22T15:27:05","guid":{"rendered":"https:\/\/www.nlvideolyrics.com\/about\/"},"modified":"2020-07-22T13:57:42","modified_gmt":"2020-07-22T11:57:42","slug":"lyric-video-videolyrics-cancion-con-letras-para-grupos","status":"publish","type":"page","link":"https:\/\/nlvideolyrics.com\/es\/lyric-video-template-after-effects\/lyric-video-videolyrics-cancion-con-letras-para-grupos\/","title":{"rendered":"TRABAJOS"},"content":{"rendered":"","protected":false},"excerpt":{"rendered":"","protected":false},"author":1,"featured_media":0,"parent":2889,"menu_order":0,"comment_status":"closed","ping_status":"closed","template":"","meta":{"footnotes":""},"yoast_head":"<!-- This site is optimized with the Yoast SEO plugin v21.1 - https:\/\/yoast.com\/wordpress\/plugins\/seo\/ -->\n<title>Pedir Lyric Video - V\u00eddeolyrics | Video con letras para canciones de grupos<\/title>\n<meta name=\"description\" content=\"\u00a1Lyric video! Calcula tu presupuesto gratis. P\u00eddenos tu videolyrics o v\u00eddeo con letras animado. El video canci\u00f3n con letras con un dise\u00f1o muy profesional.\" \/>\n<meta name=\"robots\" content=\"index, follow, max-snippet:-1, max-image-preview:large, max-video-preview:-1\" \/>\n<link rel=\"canonical\" href=\"https:\/\/nlvideolyrics.com\/es\/lyric-video-template-after-effects\/lyric-video-videolyrics-cancion-con-letras-para-grupos\/\" \/>\n<meta property=\"og:locale\" content=\"es_ES\" \/>\n<meta property=\"og:type\" content=\"article\" \/>\n<meta property=\"og:title\" content=\"Pedir Lyric Video - V\u00eddeolyrics | Video con letras para canciones de grupos\" \/>\n<meta property=\"og:description\" content=\"\u00a1Lyric video! Calcula tu presupuesto gratis. P\u00eddenos tu videolyrics o v\u00eddeo con letras animado. El video canci\u00f3n con letras con un dise\u00f1o muy profesional.\" \/>\n<meta property=\"og:url\" content=\"https:\/\/nlvideolyrics.com\/es\/lyric-video-template-after-effects\/lyric-video-videolyrics-cancion-con-letras-para-grupos\/\" \/>\n<meta property=\"og:site_name\" content=\"Northern Lights Lyric Video\" \/>\n<meta property=\"article:publisher\" content=\"https:\/\/www.facebook.com\/nlvideolyrics\/\" \/>\n<meta property=\"article:modified_time\" content=\"2020-07-22T11:57:42+00:00\" \/>\n<meta property=\"og:image\" content=\"https:\/\/nlvideolyrics.com\/wp-content\/uploads\/2018\/08\/laptop-png-2-1024x683-min-1.png\" \/>\n\t<meta property=\"og:image:width\" content=\"1024\" \/>\n\t<meta property=\"og:image:height\" content=\"683\" \/>\n\t<meta property=\"og:image:type\" content=\"image\/png\" \/>\n<meta name=\"twitter:card\" content=\"summary_large_image\" \/>\n<script type=\"application\/ld+json\" class=\"yoast-schema-graph\">{\"@context\":\"https:\/\/schema.org\",\"@graph\":[{\"@type\":\"WebPage\",\"@id\":\"https:\/\/nlvideolyrics.com\/es\/lyric-video-template-after-effects\/lyric-video-videolyrics-cancion-con-letras-para-grupos\/\",\"url\":\"https:\/\/nlvideolyrics.com\/es\/lyric-video-template-after-effects\/lyric-video-videolyrics-cancion-con-letras-para-grupos\/\",\"name\":\"Pedir Lyric Video - V\u00eddeolyrics | Video con letras para canciones de grupos\",\"isPartOf\":{\"@id\":\"https:\/\/nlvideolyrics.com\/es\/#website\"},\"datePublished\":\"2016-09-22T15:27:05+00:00\",\"dateModified\":\"2020-07-22T11:57:42+00:00\",\"description\":\"\u00a1Lyric video! Calcula tu presupuesto gratis. P\u00eddenos tu videolyrics o v\u00eddeo con letras animado. El video canci\u00f3n con letras con un dise\u00f1o muy profesional.\",\"breadcrumb\":{\"@id\":\"https:\/\/nlvideolyrics.com\/es\/lyric-video-template-after-effects\/lyric-video-videolyrics-cancion-con-letras-para-grupos\/#breadcrumb\"},\"inLanguage\":\"es\",\"potentialAction\":[{\"@type\":\"ReadAction\",\"target\":[\"https:\/\/nlvideolyrics.com\/es\/lyric-video-template-after-effects\/lyric-video-videolyrics-cancion-con-letras-para-grupos\/\"]}]},{\"@type\":\"BreadcrumbList\",\"@id\":\"https:\/\/nlvideolyrics.com\/es\/lyric-video-template-after-effects\/lyric-video-videolyrics-cancion-con-letras-para-grupos\/#breadcrumb\",\"itemListElement\":[{\"@type\":\"ListItem\",\"position\":1,\"name\":\"Inicio\",\"item\":\"https:\/\/nlvideolyrics.com\/es\/\"},{\"@type\":\"ListItem\",\"position\":2,\"name\":\"Northern Lights Lyric Video\",\"item\":\"https:\/\/nlvideolyrics.com\/es\/\"},{\"@type\":\"ListItem\",\"position\":3,\"name\":\"TRABAJOS\"}]},{\"@type\":\"WebSite\",\"@id\":\"https:\/\/nlvideolyrics.com\/es\/#website\",\"url\":\"https:\/\/nlvideolyrics.com\/es\/\",\"name\":\"Northern Lights Lyric Video\",\"description\":\"Lyric Videos for your band\",\"publisher\":{\"@id\":\"https:\/\/nlvideolyrics.com\/es\/#organization\"},\"potentialAction\":[{\"@type\":\"SearchAction\",\"target\":{\"@type\":\"EntryPoint\",\"urlTemplate\":\"https:\/\/nlvideolyrics.com\/es\/?s={search_term_string}\"},\"query-input\":\"required name=search_term_string\"}],\"inLanguage\":\"es\"},{\"@type\":\"Organization\",\"@id\":\"https:\/\/nlvideolyrics.com\/es\/#organization\",\"name\":\"Northern Lights Lyric Video\",\"url\":\"https:\/\/nlvideolyrics.com\/es\/\",\"logo\":{\"@type\":\"ImageObject\",\"inLanguage\":\"es\",\"@id\":\"https:\/\/nlvideolyrics.com\/es\/#\/schema\/logo\/image\/\",\"url\":\"https:\/\/nlvideolyrics.com\/wp-content\/uploads\/2018\/08\/logo-web-3.png\",\"contentUrl\":\"https:\/\/nlvideolyrics.com\/wp-content\/uploads\/2018\/08\/logo-web-3.png\",\"width\":154,\"height\":116,\"caption\":\"Northern Lights Lyric Video\"},\"image\":{\"@id\":\"https:\/\/nlvideolyrics.com\/es\/#\/schema\/logo\/image\/\"},\"sameAs\":[\"https:\/\/www.facebook.com\/nlvideolyrics\/\"]}]}<\/script>\n<!-- \/ Yoast SEO plugin. -->","yoast_head_json":{"title":"Pedir Lyric Video - V\u00eddeolyrics | Video con letras para canciones de grupos","description":"\u00a1Lyric video! Calcula tu presupuesto gratis. P\u00eddenos tu videolyrics o v\u00eddeo con letras animado. El video canci\u00f3n con letras con un dise\u00f1o muy profesional.","robots":{"index":"index","follow":"follow","max-snippet":"max-snippet:-1","max-image-preview":"max-image-preview:large","max-video-preview":"max-video-preview:-1"},"canonical":"https:\/\/nlvideolyrics.com\/es\/lyric-video-template-after-effects\/lyric-video-videolyrics-cancion-con-letras-para-grupos\/","og_locale":"es_ES","og_type":"article","og_title":"Pedir Lyric Video - V\u00eddeolyrics | Video con letras para canciones de grupos","og_description":"\u00a1Lyric video! Calcula tu presupuesto gratis. P\u00eddenos tu videolyrics o v\u00eddeo con letras animado. El video canci\u00f3n con letras con un dise\u00f1o muy profesional.","og_url":"https:\/\/nlvideolyrics.com\/es\/lyric-video-template-after-effects\/lyric-video-videolyrics-cancion-con-letras-para-grupos\/","og_site_name":"Northern Lights Lyric Video","article_publisher":"https:\/\/www.facebook.com\/nlvideolyrics\/","article_modified_time":"2020-07-22T11:57:42+00:00","og_image":[{"width":1024,"height":683,"url":"https:\/\/nlvideolyrics.com\/wp-content\/uploads\/2018\/08\/laptop-png-2-1024x683-min-1.png","type":"image\/png"}],"twitter_card":"summary_large_image","schema":{"@context":"https:\/\/schema.org","@graph":[{"@type":"WebPage","@id":"https:\/\/nlvideolyrics.com\/es\/lyric-video-template-after-effects\/lyric-video-videolyrics-cancion-con-letras-para-grupos\/","url":"https:\/\/nlvideolyrics.com\/es\/lyric-video-template-after-effects\/lyric-video-videolyrics-cancion-con-letras-para-grupos\/","name":"Pedir Lyric Video - V\u00eddeolyrics | Video con letras para canciones de grupos","isPartOf":{"@id":"https:\/\/nlvideolyrics.com\/es\/#website"},"datePublished":"2016-09-22T15:27:05+00:00","dateModified":"2020-07-22T11:57:42+00:00","description":"\u00a1Lyric video! Calcula tu presupuesto gratis. P\u00eddenos tu videolyrics o v\u00eddeo con letras animado. El video canci\u00f3n con letras con un dise\u00f1o muy profesional.","breadcrumb":{"@id":"https:\/\/nlvideolyrics.com\/es\/lyric-video-template-after-effects\/lyric-video-videolyrics-cancion-con-letras-para-grupos\/#breadcrumb"},"inLanguage":"es","potentialAction":[{"@type":"ReadAction","target":["https:\/\/nlvideolyrics.com\/es\/lyric-video-template-after-effects\/lyric-video-videolyrics-cancion-con-letras-para-grupos\/"]}]},{"@type":"BreadcrumbList","@id":"https:\/\/nlvideolyrics.com\/es\/lyric-video-template-after-effects\/lyric-video-videolyrics-cancion-con-letras-para-grupos\/#breadcrumb","itemListElement":[{"@type":"ListItem","position":1,"name":"Inicio","item":"https:\/\/nlvideolyrics.com\/es\/"},{"@type":"ListItem","position":2,"name":"Northern Lights Lyric Video","item":"https:\/\/nlvideolyrics.com\/es\/"},{"@type":"ListItem","position":3,"name":"TRABAJOS"}]},{"@type":"WebSite","@id":"https:\/\/nlvideolyrics.com\/es\/#website","url":"https:\/\/nlvideolyrics.com\/es\/","name":"Northern Lights Lyric Video","description":"Lyric Videos for your band","publisher":{"@id":"https:\/\/nlvideolyrics.com\/es\/#organization"},"potentialAction":[{"@type":"SearchAction","target":{"@type":"EntryPoint","urlTemplate":"https:\/\/nlvideolyrics.com\/es\/?s={search_term_string}"},"query-input":"required name=search_term_string"}],"inLanguage":"es"},{"@type":"Organization","@id":"https:\/\/nlvideolyrics.com\/es\/#organization","name":"Northern Lights Lyric Video","url":"https:\/\/nlvideolyrics.com\/es\/","logo":{"@type":"ImageObject","inLanguage":"es","@id":"https:\/\/nlvideolyrics.com\/es\/#\/schema\/logo\/image\/","url":"https:\/\/nlvideolyrics.com\/wp-content\/uploads\/2018\/08\/logo-web-3.png","contentUrl":"https:\/\/nlvideolyrics.com\/wp-content\/uploads\/2018\/08\/logo-web-3.png","width":154,"height":116,"caption":"Northern Lights Lyric Video"},"image":{"@id":"https:\/\/nlvideolyrics.com\/es\/#\/schema\/logo\/image\/"},"sameAs":["https:\/\/www.facebook.com\/nlvideolyrics\/"]}]}},"_links":{"self":[{"href":"https:\/\/nlvideolyrics.com\/es\/wp-json\/wp\/v2\/pages\/2871"}],"collection":[{"href":"https:\/\/nlvideolyrics.com\/es\/wp-json\/wp\/v2\/pages"}],"about":[{"href":"https:\/\/nlvideolyrics.com\/es\/wp-json\/wp\/v2\/types\/page"}],"author":[{"embeddable":true,"href":"https:\/\/nlvideolyrics.com\/es\/wp-json\/wp\/v2\/users\/1"}],"replies":[{"embeddable":true,"href":"https:\/\/nlvideolyrics.com\/es\/wp-json\/wp\/v2\/comments?post=2871"}],"version-history":[{"count":0,"href":"https:\/\/nlvideolyrics.com\/es\/wp-json\/wp\/v2\/pages\/2871\/revisions"}],"up":[{"embeddable":true,"href":"https:\/\/nlvideolyrics.com\/es\/wp-json\/wp\/v2\/pages\/2889"}],"wp:attachment":[{"href":"https:\/\/nlvideolyrics.com\/es\/wp-json\/wp\/v2\/media?parent=2871"}],"curies":[{"name":"wp","href":"https:\/\/api.w.org\/{rel}","templated":true}]}}