{"id":4016,"date":"2018-12-23T12:15:04","date_gmt":"2018-12-23T11:15:04","guid":{"rendered":"https:\/\/www.nlvideolyrics.com\/tienda\/sincategorizar\/tarjeta-de-regalo\/"},"modified":"2018-12-28T21:02:40","modified_gmt":"2018-12-28T20:02:40","slug":"tarjeta-de-regalo","status":"publish","type":"product","link":"https:\/\/nlvideolyrics.com\/es\/tienda\/sin-categoria\/tarjeta-de-regalo\/","title":{"rendered":"Tarjeta de regalo"},"content":{"rendered":"","protected":false},"excerpt":{"rendered":"<p>\u00a1Compra tu tarjeta regalo!<\/p>\n","protected":false},"featured_media":4047,"template":"","meta":[],"product_cat":[95],"product_tag":[],"yoast_head":"<!-- This site is optimized with the Yoast SEO plugin v21.1 - https:\/\/yoast.com\/wordpress\/plugins\/seo\/ -->\n<title>Tarjeta de regalo | Northern Lights Lyric Video<\/title>\n<meta name=\"description\" content=\"\u00a1Crea tu Lyric Video en minutos! Podr\u00e1s personalizarlo t\u00fa mismo descargando la plantilla que m\u00e1s te guste desde nuestra tienda. S\u00f3lo tienes que seguir el tutorial \u00a1Tu v\u00eddeo estar\u00e1 listo en cuesti\u00f3n de minutos! Si lo prefieres, tambi\u00e9n podemos hacerlo nosotros. A\u00f1ade al carrito el Lyric video que m\u00e1s vaya con tu estilo y lo personalizaremos para tu banda.\" \/>\n<meta name=\"robots\" content=\"index, follow, max-snippet:-1, max-image-preview:large, max-video-preview:-1\" \/>\n<link rel=\"canonical\" href=\"https:\/\/nlvideolyrics.com\/es\/tienda\/sin-categoria\/tarjeta-de-regalo\/\" \/>\n<meta property=\"og:locale\" content=\"es_ES\" \/>\n<meta property=\"og:type\" content=\"article\" \/>\n<meta property=\"og:title\" content=\"Tarjeta de regalo | Northern Lights Lyric Video\" \/>\n<meta property=\"og:description\" content=\"\u00a1Crea tu Lyric Video en minutos! Podr\u00e1s personalizarlo t\u00fa mismo descargando la plantilla que m\u00e1s te guste desde nuestra tienda. S\u00f3lo tienes que seguir el tutorial \u00a1Tu v\u00eddeo estar\u00e1 listo en cuesti\u00f3n de minutos! Si lo prefieres, tambi\u00e9n podemos hacerlo nosotros. A\u00f1ade al carrito el Lyric video que m\u00e1s vaya con tu estilo y lo personalizaremos para tu banda.\" \/>\n<meta property=\"og:url\" content=\"https:\/\/nlvideolyrics.com\/es\/tienda\/sin-categoria\/tarjeta-de-regalo\/\" \/>\n<meta property=\"og:site_name\" content=\"Northern Lights Lyric Video\" \/>\n<meta property=\"article:publisher\" content=\"https:\/\/www.facebook.com\/nlvideolyrics\/\" \/>\n<meta property=\"article:modified_time\" content=\"2018-12-28T20:02:40+00:00\" \/>\n<meta property=\"og:image\" content=\"https:\/\/nlvideolyrics.com\/wp-content\/uploads\/2018\/12\/pw-gift-card.jpg\" \/>\n\t<meta property=\"og:image:width\" content=\"512\" \/>\n\t<meta property=\"og:image:height\" content=\"512\" \/>\n\t<meta property=\"og:image:type\" content=\"image\/jpeg\" \/>\n<meta name=\"twitter:card\" content=\"summary_large_image\" \/>\n<script type=\"application\/ld+json\" class=\"yoast-schema-graph\">{\"@context\":\"https:\/\/schema.org\",\"@graph\":[{\"@type\":\"WebPage\",\"@id\":\"https:\/\/nlvideolyrics.com\/es\/tienda\/sin-categoria\/tarjeta-de-regalo\/\",\"url\":\"https:\/\/nlvideolyrics.com\/es\/tienda\/sin-categoria\/tarjeta-de-regalo\/\",\"name\":\"Tarjeta de regalo | Northern Lights Lyric Video\",\"isPartOf\":{\"@id\":\"https:\/\/nlvideolyrics.com\/es\/#website\"},\"datePublished\":\"2018-12-23T11:15:04+00:00\",\"dateModified\":\"2018-12-28T20:02:40+00:00\",\"description\":\"\u00a1Crea tu Lyric Video en minutos! Podr\u00e1s personalizarlo t\u00fa mismo descargando la plantilla que m\u00e1s te guste desde nuestra tienda. S\u00f3lo tienes que seguir el tutorial \u00a1Tu v\u00eddeo estar\u00e1 listo en cuesti\u00f3n de minutos! Si lo prefieres, tambi\u00e9n podemos hacerlo nosotros. A\u00f1ade al carrito el Lyric video que m\u00e1s vaya con tu estilo y lo personalizaremos para tu banda.\",\"breadcrumb\":{\"@id\":\"https:\/\/nlvideolyrics.com\/es\/tienda\/sin-categoria\/tarjeta-de-regalo\/#breadcrumb\"},\"inLanguage\":\"es\",\"potentialAction\":[{\"@type\":\"ReadAction\",\"target\":[\"https:\/\/nlvideolyrics.com\/es\/tienda\/sin-categoria\/tarjeta-de-regalo\/\"]}]},{\"@type\":\"BreadcrumbList\",\"@id\":\"https:\/\/nlvideolyrics.com\/es\/tienda\/sin-categoria\/tarjeta-de-regalo\/#breadcrumb\",\"itemListElement\":[{\"@type\":\"ListItem\",\"position\":1,\"name\":\"Inicio\",\"item\":\"https:\/\/nlvideolyrics.com\/es\/\"},{\"@type\":\"ListItem\",\"position\":2,\"name\":\"Lyric Video Shop\",\"item\":\"https:\/\/nlvideolyrics.com\/lyric-video-shop\/\"},{\"@type\":\"ListItem\",\"position\":3,\"name\":\"Tarjeta de regalo\"}]},{\"@type\":\"WebSite\",\"@id\":\"https:\/\/nlvideolyrics.com\/es\/#website\",\"url\":\"https:\/\/nlvideolyrics.com\/es\/\",\"name\":\"Northern Lights Lyric Video\",\"description\":\"Lyric Videos for your band\",\"publisher\":{\"@id\":\"https:\/\/nlvideolyrics.com\/es\/#organization\"},\"potentialAction\":[{\"@type\":\"SearchAction\",\"target\":{\"@type\":\"EntryPoint\",\"urlTemplate\":\"https:\/\/nlvideolyrics.com\/es\/?s={search_term_string}\"},\"query-input\":\"required name=search_term_string\"}],\"inLanguage\":\"es\"},{\"@type\":\"Organization\",\"@id\":\"https:\/\/nlvideolyrics.com\/es\/#organization\",\"name\":\"Northern Lights Lyric Video\",\"url\":\"https:\/\/nlvideolyrics.com\/es\/\",\"logo\":{\"@type\":\"ImageObject\",\"inLanguage\":\"es\",\"@id\":\"https:\/\/nlvideolyrics.com\/es\/#\/schema\/logo\/image\/\",\"url\":\"https:\/\/nlvideolyrics.com\/wp-content\/uploads\/2018\/08\/logo-web-3.png\",\"contentUrl\":\"https:\/\/nlvideolyrics.com\/wp-content\/uploads\/2018\/08\/logo-web-3.png\",\"width\":154,\"height\":116,\"caption\":\"Northern Lights Lyric Video\"},\"image\":{\"@id\":\"https:\/\/nlvideolyrics.com\/es\/#\/schema\/logo\/image\/\"},\"sameAs\":[\"https:\/\/www.facebook.com\/nlvideolyrics\/\"]}]}<\/script>\n<!-- \/ Yoast SEO plugin. -->","yoast_head_json":{"title":"Tarjeta de regalo | Northern Lights Lyric Video","description":"\u00a1Crea tu Lyric Video en minutos! Podr\u00e1s personalizarlo t\u00fa mismo descargando la plantilla que m\u00e1s te guste desde nuestra tienda. S\u00f3lo tienes que seguir el tutorial \u00a1Tu v\u00eddeo estar\u00e1 listo en cuesti\u00f3n de minutos! Si lo prefieres, tambi\u00e9n podemos hacerlo nosotros. A\u00f1ade al carrito el Lyric video que m\u00e1s vaya con tu estilo y lo personalizaremos para tu banda.","robots":{"index":"index","follow":"follow","max-snippet":"max-snippet:-1","max-image-preview":"max-image-preview:large","max-video-preview":"max-video-preview:-1"},"canonical":"https:\/\/nlvideolyrics.com\/es\/tienda\/sin-categoria\/tarjeta-de-regalo\/","og_locale":"es_ES","og_type":"article","og_title":"Tarjeta de regalo | Northern Lights Lyric Video","og_description":"\u00a1Crea tu Lyric Video en minutos! Podr\u00e1s personalizarlo t\u00fa mismo descargando la plantilla que m\u00e1s te guste desde nuestra tienda. S\u00f3lo tienes que seguir el tutorial \u00a1Tu v\u00eddeo estar\u00e1 listo en cuesti\u00f3n de minutos! Si lo prefieres, tambi\u00e9n podemos hacerlo nosotros. A\u00f1ade al carrito el Lyric video que m\u00e1s vaya con tu estilo y lo personalizaremos para tu banda.","og_url":"https:\/\/nlvideolyrics.com\/es\/tienda\/sin-categoria\/tarjeta-de-regalo\/","og_site_name":"Northern Lights Lyric Video","article_publisher":"https:\/\/www.facebook.com\/nlvideolyrics\/","article_modified_time":"2018-12-28T20:02:40+00:00","og_image":[{"width":512,"height":512,"url":"https:\/\/nlvideolyrics.com\/wp-content\/uploads\/2018\/12\/pw-gift-card.jpg","type":"image\/jpeg"}],"twitter_card":"summary_large_image","schema":{"@context":"https:\/\/schema.org","@graph":[{"@type":"WebPage","@id":"https:\/\/nlvideolyrics.com\/es\/tienda\/sin-categoria\/tarjeta-de-regalo\/","url":"https:\/\/nlvideolyrics.com\/es\/tienda\/sin-categoria\/tarjeta-de-regalo\/","name":"Tarjeta de regalo | Northern Lights Lyric Video","isPartOf":{"@id":"https:\/\/nlvideolyrics.com\/es\/#website"},"datePublished":"2018-12-23T11:15:04+00:00","dateModified":"2018-12-28T20:02:40+00:00","description":"\u00a1Crea tu Lyric Video en minutos! Podr\u00e1s personalizarlo t\u00fa mismo descargando la plantilla que m\u00e1s te guste desde nuestra tienda. S\u00f3lo tienes que seguir el tutorial \u00a1Tu v\u00eddeo estar\u00e1 listo en cuesti\u00f3n de minutos! Si lo prefieres, tambi\u00e9n podemos hacerlo nosotros. A\u00f1ade al carrito el Lyric video que m\u00e1s vaya con tu estilo y lo personalizaremos para tu banda.","breadcrumb":{"@id":"https:\/\/nlvideolyrics.com\/es\/tienda\/sin-categoria\/tarjeta-de-regalo\/#breadcrumb"},"inLanguage":"es","potentialAction":[{"@type":"ReadAction","target":["https:\/\/nlvideolyrics.com\/es\/tienda\/sin-categoria\/tarjeta-de-regalo\/"]}]},{"@type":"BreadcrumbList","@id":"https:\/\/nlvideolyrics.com\/es\/tienda\/sin-categoria\/tarjeta-de-regalo\/#breadcrumb","itemListElement":[{"@type":"ListItem","position":1,"name":"Inicio","item":"https:\/\/nlvideolyrics.com\/es\/"},{"@type":"ListItem","position":2,"name":"Lyric Video Shop","item":"https:\/\/nlvideolyrics.com\/lyric-video-shop\/"},{"@type":"ListItem","position":3,"name":"Tarjeta de regalo"}]},{"@type":"WebSite","@id":"https:\/\/nlvideolyrics.com\/es\/#website","url":"https:\/\/nlvideolyrics.com\/es\/","name":"Northern Lights Lyric Video","description":"Lyric Videos for your band","publisher":{"@id":"https:\/\/nlvideolyrics.com\/es\/#organization"},"potentialAction":[{"@type":"SearchAction","target":{"@type":"EntryPoint","urlTemplate":"https:\/\/nlvideolyrics.com\/es\/?s={search_term_string}"},"query-input":"required name=search_term_string"}],"inLanguage":"es"},{"@type":"Organization","@id":"https:\/\/nlvideolyrics.com\/es\/#organization","name":"Northern Lights Lyric Video","url":"https:\/\/nlvideolyrics.com\/es\/","logo":{"@type":"ImageObject","inLanguage":"es","@id":"https:\/\/nlvideolyrics.com\/es\/#\/schema\/logo\/image\/","url":"https:\/\/nlvideolyrics.com\/wp-content\/uploads\/2018\/08\/logo-web-3.png","contentUrl":"https:\/\/nlvideolyrics.com\/wp-content\/uploads\/2018\/08\/logo-web-3.png","width":154,"height":116,"caption":"Northern Lights Lyric Video"},"image":{"@id":"https:\/\/nlvideolyrics.com\/es\/#\/schema\/logo\/image\/"},"sameAs":["https:\/\/www.facebook.com\/nlvideolyrics\/"]}]}},"_links":{"self":[{"href":"https:\/\/nlvideolyrics.com\/es\/wp-json\/wp\/v2\/product\/4016"}],"collection":[{"href":"https:\/\/nlvideolyrics.com\/es\/wp-json\/wp\/v2\/product"}],"about":[{"href":"https:\/\/nlvideolyrics.com\/es\/wp-json\/wp\/v2\/types\/product"}],"wp:featuredmedia":[{"embeddable":true,"href":"https:\/\/nlvideolyrics.com\/es\/wp-json\/wp\/v2\/media\/4047"}],"wp:attachment":[{"href":"https:\/\/nlvideolyrics.com\/es\/wp-json\/wp\/v2\/media?parent=4016"}],"wp:term":[{"taxonomy":"product_cat","embeddable":true,"href":"https:\/\/nlvideolyrics.com\/es\/wp-json\/wp\/v2\/product_cat?post=4016"},{"taxonomy":"product_tag","embeddable":true,"href":"https:\/\/nlvideolyrics.com\/es\/wp-json\/wp\/v2\/product_tag?post=4016"}],"curies":[{"name":"wp","href":"https:\/\/api.w.org\/{rel}","templated":true}]}}