{"id":5078,"date":"2020-03-12T21:16:53","date_gmt":"2020-03-12T20:16:53","guid":{"rendered":"https:\/\/www.nlvideolyrics.com\/tienda\/sin%20categor\u00eda\/premium-sugar-beach-template\/"},"modified":"2022-03-17T14:25:01","modified_gmt":"2022-03-17T13:25:01","slug":"lyric-video-template-after-effects-chillout","status":"publish","type":"product","link":"https:\/\/nlvideolyrics.com\/es\/tienda\/hazlotumismo\/fusion\/lyric-video-template-after-effects-chillout\/","title":{"rendered":"PREMIUM SUGAR BEACH TEMPLATE"},"content":{"rendered":"<p>lyric video template after effects chillout &#8211; Plantilla Lyric Video After Effects. Descargar template after effects de lyric video.<\/p>\n<p>\u00a1Tu Lyric Video Template after effects! Personaliza la plantilla con el tutorial. Tambi\u00e9n podemos hacer tu Lyric video bajo demanda \u00a1P\u00eddenos presupuesto!<\/p>\n<p>Lyric video para tu grupo de m\u00fasica. Lyric videos para grupos de m\u00fasica. Lyric videos para bandas. Lyric video para bandas.<\/p>\n<p><em>Licencia uso ilimitado. <strong>Tutorial<\/strong>\u00a0incluido.<\/em><\/p>\n<p>&nbsp;<\/p>\n","protected":false},"excerpt":{"rendered":"<h3>Lyric Video Template After Effects <strong>\u00a1Promociona tu canci\u00f3n d\u00e1ndole a la letra la importancia que se merece!<\/strong><\/h3>\n<p><strong>Incluye:\u00a0<\/strong>Animaci\u00f3n por grupos de palabras, logo, car\u00e1tula, nombre canci\u00f3n, nombre \u00e1lbum, espectro de audio, part\u00edculas, efectos visuales y fondo. <em>C\u00f3mpralo desde el m\u00f3vil y descargalo desde el Email despu\u00e9s. Licencia uso ilimitado. <strong>Tutorial<\/strong>\u00a0incluido.<\/em><\/p>\n","protected":false},"featured_media":5069,"template":"","meta":[],"product_cat":[745,740,99,741,746,742,749,743,750,752],"product_tag":[572],"yoast_head":"<!-- This site is optimized with the Yoast SEO plugin v21.1 - https:\/\/yoast.com\/wordpress\/plugins\/seo\/ -->\n<title>Lyric video template after effects chillout - Plantilla Lyric Video After Effects<\/title>\n<meta name=\"description\" content=\"Lyric video template after effects chillout \u00a1Crea tu Lyric Video tu mismo! Personalizarlo siguiendo el tutorial \u00a1Listo en cuesti\u00f3n de minutos!\" \/>\n<meta name=\"robots\" content=\"index, follow, max-snippet:-1, max-image-preview:large, max-video-preview:-1\" \/>\n<link rel=\"canonical\" href=\"https:\/\/nlvideolyrics.com\/es\/tienda\/hazlotumismo\/fusion\/lyric-video-template-after-effects-chillout\/\" \/>\n<meta property=\"og:locale\" content=\"es_ES\" \/>\n<meta property=\"og:type\" content=\"article\" \/>\n<meta property=\"og:title\" content=\"Lyric video template after effects chillout - Plantilla Lyric Video After Effects\" \/>\n<meta property=\"og:description\" content=\"Lyric video template after effects chillout \u00a1Crea tu Lyric Video tu mismo! Personalizarlo siguiendo el tutorial \u00a1Listo en cuesti\u00f3n de minutos!\" \/>\n<meta property=\"og:url\" content=\"https:\/\/nlvideolyrics.com\/es\/tienda\/hazlotumismo\/fusion\/lyric-video-template-after-effects-chillout\/\" \/>\n<meta property=\"og:site_name\" content=\"Northern Lights Lyric Video\" \/>\n<meta property=\"article:publisher\" content=\"https:\/\/www.facebook.com\/nlvideolyrics\/\" \/>\n<meta property=\"article:modified_time\" content=\"2022-03-17T13:25:01+00:00\" \/>\n<meta property=\"og:image\" content=\"https:\/\/nlvideolyrics.com\/wp-content\/uploads\/2020\/03\/Classicchilloutltemplate2.jpg\" \/>\n\t<meta property=\"og:image:width\" content=\"398\" \/>\n\t<meta property=\"og:image:height\" content=\"240\" \/>\n\t<meta property=\"og:image:type\" content=\"image\/jpeg\" \/>\n<meta name=\"twitter:card\" content=\"summary_large_image\" \/>\n<script type=\"application\/ld+json\" class=\"yoast-schema-graph\">{\"@context\":\"https:\/\/schema.org\",\"@graph\":[{\"@type\":\"WebPage\",\"@id\":\"https:\/\/nlvideolyrics.com\/es\/tienda\/hazlotumismo\/fusion\/lyric-video-template-after-effects-chillout\/\",\"url\":\"https:\/\/nlvideolyrics.com\/es\/tienda\/hazlotumismo\/fusion\/lyric-video-template-after-effects-chillout\/\",\"name\":\"Lyric video template after effects chillout - Plantilla Lyric Video After Effects\",\"isPartOf\":{\"@id\":\"https:\/\/nlvideolyrics.com\/es\/#website\"},\"datePublished\":\"2020-03-12T20:16:53+00:00\",\"dateModified\":\"2022-03-17T13:25:01+00:00\",\"description\":\"Lyric video template after effects chillout \u00a1Crea tu Lyric Video tu mismo! Personalizarlo siguiendo el tutorial \u00a1Listo en cuesti\u00f3n de minutos!\",\"breadcrumb\":{\"@id\":\"https:\/\/nlvideolyrics.com\/es\/tienda\/hazlotumismo\/fusion\/lyric-video-template-after-effects-chillout\/#breadcrumb\"},\"inLanguage\":\"es\",\"potentialAction\":[{\"@type\":\"ReadAction\",\"target\":[\"https:\/\/nlvideolyrics.com\/es\/tienda\/hazlotumismo\/fusion\/lyric-video-template-after-effects-chillout\/\"]}]},{\"@type\":\"BreadcrumbList\",\"@id\":\"https:\/\/nlvideolyrics.com\/es\/tienda\/hazlotumismo\/fusion\/lyric-video-template-after-effects-chillout\/#breadcrumb\",\"itemListElement\":[{\"@type\":\"ListItem\",\"position\":1,\"name\":\"Inicio\",\"item\":\"https:\/\/nlvideolyrics.com\/es\/\"},{\"@type\":\"ListItem\",\"position\":2,\"name\":\"Lyric Video Shop\",\"item\":\"https:\/\/nlvideolyrics.com\/lyric-video-shop\/\"},{\"@type\":\"ListItem\",\"position\":3,\"name\":\"PREMIUM SUGAR BEACH TEMPLATE\"}]},{\"@type\":\"WebSite\",\"@id\":\"https:\/\/nlvideolyrics.com\/es\/#website\",\"url\":\"https:\/\/nlvideolyrics.com\/es\/\",\"name\":\"Northern Lights Lyric Video\",\"description\":\"Lyric Videos for your band\",\"publisher\":{\"@id\":\"https:\/\/nlvideolyrics.com\/es\/#organization\"},\"potentialAction\":[{\"@type\":\"SearchAction\",\"target\":{\"@type\":\"EntryPoint\",\"urlTemplate\":\"https:\/\/nlvideolyrics.com\/es\/?s={search_term_string}\"},\"query-input\":\"required name=search_term_string\"}],\"inLanguage\":\"es\"},{\"@type\":\"Organization\",\"@id\":\"https:\/\/nlvideolyrics.com\/es\/#organization\",\"name\":\"Northern Lights Lyric Video\",\"url\":\"https:\/\/nlvideolyrics.com\/es\/\",\"logo\":{\"@type\":\"ImageObject\",\"inLanguage\":\"es\",\"@id\":\"https:\/\/nlvideolyrics.com\/es\/#\/schema\/logo\/image\/\",\"url\":\"https:\/\/nlvideolyrics.com\/wp-content\/uploads\/2018\/08\/logo-web-3.png\",\"contentUrl\":\"https:\/\/nlvideolyrics.com\/wp-content\/uploads\/2018\/08\/logo-web-3.png\",\"width\":154,\"height\":116,\"caption\":\"Northern Lights Lyric Video\"},\"image\":{\"@id\":\"https:\/\/nlvideolyrics.com\/es\/#\/schema\/logo\/image\/\"},\"sameAs\":[\"https:\/\/www.facebook.com\/nlvideolyrics\/\"]}]}<\/script>\n<!-- \/ Yoast SEO plugin. -->","yoast_head_json":{"title":"Lyric video template after effects chillout - Plantilla Lyric Video After Effects","description":"Lyric video template after effects chillout \u00a1Crea tu Lyric Video tu mismo! Personalizarlo siguiendo el tutorial \u00a1Listo en cuesti\u00f3n de minutos!","robots":{"index":"index","follow":"follow","max-snippet":"max-snippet:-1","max-image-preview":"max-image-preview:large","max-video-preview":"max-video-preview:-1"},"canonical":"https:\/\/nlvideolyrics.com\/es\/tienda\/hazlotumismo\/fusion\/lyric-video-template-after-effects-chillout\/","og_locale":"es_ES","og_type":"article","og_title":"Lyric video template after effects chillout - Plantilla Lyric Video After Effects","og_description":"Lyric video template after effects chillout \u00a1Crea tu Lyric Video tu mismo! Personalizarlo siguiendo el tutorial \u00a1Listo en cuesti\u00f3n de minutos!","og_url":"https:\/\/nlvideolyrics.com\/es\/tienda\/hazlotumismo\/fusion\/lyric-video-template-after-effects-chillout\/","og_site_name":"Northern Lights Lyric Video","article_publisher":"https:\/\/www.facebook.com\/nlvideolyrics\/","article_modified_time":"2022-03-17T13:25:01+00:00","og_image":[{"width":398,"height":240,"url":"https:\/\/nlvideolyrics.com\/wp-content\/uploads\/2020\/03\/Classicchilloutltemplate2.jpg","type":"image\/jpeg"}],"twitter_card":"summary_large_image","schema":{"@context":"https:\/\/schema.org","@graph":[{"@type":"WebPage","@id":"https:\/\/nlvideolyrics.com\/es\/tienda\/hazlotumismo\/fusion\/lyric-video-template-after-effects-chillout\/","url":"https:\/\/nlvideolyrics.com\/es\/tienda\/hazlotumismo\/fusion\/lyric-video-template-after-effects-chillout\/","name":"Lyric video template after effects chillout - Plantilla Lyric Video After Effects","isPartOf":{"@id":"https:\/\/nlvideolyrics.com\/es\/#website"},"datePublished":"2020-03-12T20:16:53+00:00","dateModified":"2022-03-17T13:25:01+00:00","description":"Lyric video template after effects chillout \u00a1Crea tu Lyric Video tu mismo! Personalizarlo siguiendo el tutorial \u00a1Listo en cuesti\u00f3n de minutos!","breadcrumb":{"@id":"https:\/\/nlvideolyrics.com\/es\/tienda\/hazlotumismo\/fusion\/lyric-video-template-after-effects-chillout\/#breadcrumb"},"inLanguage":"es","potentialAction":[{"@type":"ReadAction","target":["https:\/\/nlvideolyrics.com\/es\/tienda\/hazlotumismo\/fusion\/lyric-video-template-after-effects-chillout\/"]}]},{"@type":"BreadcrumbList","@id":"https:\/\/nlvideolyrics.com\/es\/tienda\/hazlotumismo\/fusion\/lyric-video-template-after-effects-chillout\/#breadcrumb","itemListElement":[{"@type":"ListItem","position":1,"name":"Inicio","item":"https:\/\/nlvideolyrics.com\/es\/"},{"@type":"ListItem","position":2,"name":"Lyric Video Shop","item":"https:\/\/nlvideolyrics.com\/lyric-video-shop\/"},{"@type":"ListItem","position":3,"name":"PREMIUM SUGAR BEACH TEMPLATE"}]},{"@type":"WebSite","@id":"https:\/\/nlvideolyrics.com\/es\/#website","url":"https:\/\/nlvideolyrics.com\/es\/","name":"Northern Lights Lyric Video","description":"Lyric Videos for your band","publisher":{"@id":"https:\/\/nlvideolyrics.com\/es\/#organization"},"potentialAction":[{"@type":"SearchAction","target":{"@type":"EntryPoint","urlTemplate":"https:\/\/nlvideolyrics.com\/es\/?s={search_term_string}"},"query-input":"required name=search_term_string"}],"inLanguage":"es"},{"@type":"Organization","@id":"https:\/\/nlvideolyrics.com\/es\/#organization","name":"Northern Lights Lyric Video","url":"https:\/\/nlvideolyrics.com\/es\/","logo":{"@type":"ImageObject","inLanguage":"es","@id":"https:\/\/nlvideolyrics.com\/es\/#\/schema\/logo\/image\/","url":"https:\/\/nlvideolyrics.com\/wp-content\/uploads\/2018\/08\/logo-web-3.png","contentUrl":"https:\/\/nlvideolyrics.com\/wp-content\/uploads\/2018\/08\/logo-web-3.png","width":154,"height":116,"caption":"Northern Lights Lyric Video"},"image":{"@id":"https:\/\/nlvideolyrics.com\/es\/#\/schema\/logo\/image\/"},"sameAs":["https:\/\/www.facebook.com\/nlvideolyrics\/"]}]}},"_links":{"self":[{"href":"https:\/\/nlvideolyrics.com\/es\/wp-json\/wp\/v2\/product\/5078"}],"collection":[{"href":"https:\/\/nlvideolyrics.com\/es\/wp-json\/wp\/v2\/product"}],"about":[{"href":"https:\/\/nlvideolyrics.com\/es\/wp-json\/wp\/v2\/types\/product"}],"wp:featuredmedia":[{"embeddable":true,"href":"https:\/\/nlvideolyrics.com\/es\/wp-json\/wp\/v2\/media\/5069"}],"wp:attachment":[{"href":"https:\/\/nlvideolyrics.com\/es\/wp-json\/wp\/v2\/media?parent=5078"}],"wp:term":[{"taxonomy":"product_cat","embeddable":true,"href":"https:\/\/nlvideolyrics.com\/es\/wp-json\/wp\/v2\/product_cat?post=5078"},{"taxonomy":"product_tag","embeddable":true,"href":"https:\/\/nlvideolyrics.com\/es\/wp-json\/wp\/v2\/product_tag?post=5078"}],"curies":[{"name":"wp","href":"https:\/\/api.w.org\/{rel}","templated":true}]}}